{"id":11530,"date":"2024-01-19T11:00:22","date_gmt":"2024-01-19T08:00:22","guid":{"rendered":"https:\/\/volane.com\/plateforme-dexperience-marchande\/"},"modified":"2025-02-27T12:21:24","modified_gmt":"2025-02-27T09:21:24","slug":"plateforme-dexperience-marchande","status":"publish","type":"page","link":"https:\/\/volane.com\/fr\/plateforme-dexperience-marchande\/","title":{"rendered":"Plateforme d&rsquo;exp\u00e9rience marchande"},"content":{"rendered":"\t\t<div data-elementor-type=\"wp-page\" data-elementor-id=\"11530\" class=\"elementor elementor-11530 elementor-9585\" data-elementor-post-type=\"page\">\n\t\t\t\t<div class=\"elementor-element elementor-element-4da5fe5 e-flex e-con-boxed e-con e-parent\" data-id=\"4da5fe5\" data-element_type=\"container\" data-settings=\"{&quot;background_background&quot;:&quot;classic&quot;,&quot;content_width&quot;:&quot;boxed&quot;}\" data-e-bg-lazyload=\"\" data-core-v316-plus=\"true\">\n\t\t\t\t\t<div class=\"e-con-inner\">\n\t\t\t\t<div class=\"elementor-element elementor-element-9396ef0 elementor-invisible elementor-widget elementor-widget-heading\" data-id=\"9396ef0\" data-element_type=\"widget\" data-settings=\"{&quot;_animation&quot;:&quot;fadeInUp&quot;}\" data-widget_type=\"heading.default\">\n\t\t\t\t<div class=\"elementor-widget-container\">\n\t\t\t<style>\/*! elementor - v3.19.0 - 28-02-2024 *\/\n.elementor-heading-title{padding:0;margin:0;line-height:1}.elementor-widget-heading .elementor-heading-title[class*=elementor-size-]>a{color:inherit;font-size:inherit;line-height:inherit}.elementor-widget-heading .elementor-heading-title.elementor-size-small{font-size:15px}.elementor-widget-heading .elementor-heading-title.elementor-size-medium{font-size:19px}.elementor-widget-heading .elementor-heading-title.elementor-size-large{font-size:29px}.elementor-widget-heading .elementor-heading-title.elementor-size-xl{font-size:39px}.elementor-widget-heading .elementor-heading-title.elementor-size-xxl{font-size:59px}<\/style><h1 class=\"elementor-heading-title elementor-size-default\">Plateforme d'exp\u00e9rience marchande  <\/h1>\t\t<\/div>\n\t\t\t\t<\/div>\n\t\t\t\t\t<\/div>\n\t\t\t\t<\/div>\n\t\t<div class=\"elementor-element elementor-element-754e4d8 e-flex e-con-boxed e-con e-parent\" data-id=\"754e4d8\" data-element_type=\"container\" data-settings=\"{&quot;background_background&quot;:&quot;classic&quot;,&quot;content_width&quot;:&quot;boxed&quot;}\" data-e-bg-lazyload=\"\" data-core-v316-plus=\"true\">\n\t\t\t\t\t<div class=\"e-con-inner\">\n\t\t\t\t<div class=\"elementor-element elementor-element-0cd8c1e midnight-blue-background-forms elementor-widget elementor-widget-shortcode\" data-id=\"0cd8c1e\" data-element_type=\"widget\" data-widget_type=\"shortcode.default\">\n\t\t\t\t<div class=\"elementor-widget-container\">\n\t\t\t\t\t<div class=\"elementor-shortcode\"><script type=\"text\/javascript\">var gform;gform||(document.addEventListener(\"gform_main_scripts_loaded\",function(){gform.scriptsLoaded=!0}),window.addEventListener(\"DOMContentLoaded\",function(){gform.domLoaded=!0}),gform={domLoaded:!1,scriptsLoaded:!1,initializeOnLoaded:function(o){gform.domLoaded&&gform.scriptsLoaded?o():!gform.domLoaded&&gform.scriptsLoaded?window.addEventListener(\"DOMContentLoaded\",o):document.addEventListener(\"gform_main_scripts_loaded\",o)},hooks:{action:{},filter:{}},addAction:function(o,n,r,t){gform.addHook(\"action\",o,n,r,t)},addFilter:function(o,n,r,t){gform.addHook(\"filter\",o,n,r,t)},doAction:function(o){gform.doHook(\"action\",o,arguments)},applyFilters:function(o){return gform.doHook(\"filter\",o,arguments)},removeAction:function(o,n){gform.removeHook(\"action\",o,n)},removeFilter:function(o,n,r){gform.removeHook(\"filter\",o,n,r)},addHook:function(o,n,r,t,i){null==gform.hooks[o][n]&&(gform.hooks[o][n]=[]);var e=gform.hooks[o][n];null==i&&(i=n+\"_\"+e.length),gform.hooks[o][n].push({tag:i,callable:r,priority:t=null==t?10:t})},doHook:function(n,o,r){var t;if(r=Array.prototype.slice.call(r,1),null!=gform.hooks[n][o]&&((o=gform.hooks[n][o]).sort(function(o,n){return o.priority-n.priority}),o.forEach(function(o){\"function\"!=typeof(t=o.callable)&&(t=window[t]),\"action\"==n?t.apply(null,r):r[0]=t.apply(null,r)})),\"filter\"==n)return r[0]},removeHook:function(o,n,t,i){var r;null!=gform.hooks[o][n]&&(r=(r=gform.hooks[o][n]).filter(function(o,n,r){return!!(null!=i&&i!=o.tag||null!=t&&t!=o.priority)}),gform.hooks[o][n]=r)}});<\/script>\n                <div class='gf_browser_gecko gform_wrapper gravity-theme gform-theme--no-framework' data-form-theme='gravity-theme' data-form-index='0' id='gform_wrapper_10' >\n                        <div class='gform_heading'>\n                            <h2 class=\"gform_title\">Plateforme d'exp\u00e9rience marchande<\/h2>\n                            <p class='gform_description'><\/p>\n                        <\/div><form method='post' enctype='multipart\/form-data'  id='gform_10'  action='\/fr\/wp-json\/wp\/v2\/pages\/11530' data-formid='10' novalidate>\n                        <div class='gform-body gform_body'><div id='gform_fields_10' class='gform_fields top_label form_sublabel_below description_below validation_below'><div id=\"field_10_1\" class=\"gfield gfield--type-text gfield--input-type-text gfield--width-half gfield_contains_required field_sublabel_below gfield--no-description field_description_below hidden_label field_validation_below gfield_visibility_visible\"  data-js-reload=\"field_10_1\" ><label class='gfield_label gform-field-label' for='input_10_1'>Nom<span class=\"gfield_required\"><span class=\"gfield_required gfield_required_text\">(Required)<\/span><\/span><\/label><div class='ginput_container ginput_container_text'><input name='input_1' id='input_10_1' type='text' value='' class='large'    placeholder='Nom *' aria-required=\"true\" aria-invalid=\"false\"   \/> <\/div><\/div><div id=\"field_10_3\" class=\"gfield gfield--type-email gfield--input-type-email gfield--width-half gfield_contains_required field_sublabel_below gfield--no-description field_description_below hidden_label field_validation_below gfield_visibility_visible\"  data-js-reload=\"field_10_3\" ><label class='gfield_label gform-field-label' for='input_10_3'>Courriel<span class=\"gfield_required\"><span class=\"gfield_required gfield_required_text\">(Required)<\/span><\/span><\/label><div class='ginput_container ginput_container_email'>\n                            <input name='input_3' id='input_10_3' type='email' value='' class='large'   placeholder='Courriel *' aria-required=\"true\" aria-invalid=\"false\"  \/>\n                        <\/div><\/div><div id=\"field_10_2\" class=\"gfield gfield--type-phone gfield--input-type-phone gfield--width-full field_sublabel_below gfield--no-description field_description_below hidden_label field_validation_below gfield_visibility_visible\"  data-js-reload=\"field_10_2\" ><label class='gfield_label gform-field-label' for='input_10_2'>Num\u00e9ro de contact<\/label><div class='ginput_container ginput_container_phone'><input name='input_2' id='input_10_2' type='tel' value='' class='large'  placeholder='Num\u00e9ro de contact'  aria-invalid=\"false\"   \/><\/div><\/div><div id=\"field_10_7\" class=\"gfield gfield--type-select gfield--input-type-select gfield--width-full gfield_contains_required field_sublabel_below gfield--no-description field_description_below hidden_label field_validation_below gfield_visibility_visible\"  data-js-reload=\"field_10_7\" ><label class='gfield_label gform-field-label' for='input_10_7'>Comment pouvons-nous vous aider ?<span class=\"gfield_required\"><span class=\"gfield_required gfield_required_text\">(Required)<\/span><\/span><\/label><div class='ginput_container ginput_container_select'><select name='input_7' id='input_10_7' class='large gfield_select'    aria-required=\"true\" aria-invalid=\"false\" ><option value='' selected='selected' class='gf_placeholder'>Comment pouvons-nous vous aider ? *<\/option><option value='Solutions \u00e9nerg\u00e9tiques en aval' >Solutions \u00e9nerg\u00e9tiques en aval<\/option><option value='Solutions de traitement des paiements' >Solutions de traitement des paiements<\/option><\/select><\/div><\/div><div id=\"field_10_4\" class=\"gfield gfield--type-textarea gfield--input-type-textarea field_sublabel_below gfield--no-description field_description_below hidden_label field_validation_below gfield_visibility_visible\"  data-js-reload=\"field_10_4\" ><label class='gfield_label gform-field-label' for='input_10_4'>Message<\/label><div class='ginput_container ginput_container_textarea'><textarea name='input_4' id='input_10_4' class='textarea medium'    placeholder='Message'  aria-invalid=\"false\"   rows='10' cols='50'><\/textarea><\/div><\/div><fieldset id=\"field_10_8\" class=\"gfield gfield--type-consent gfield--type-choice gfield--input-type-consent gfield--width-full field_sublabel_below gfield--no-description field_description_below field_validation_below gfield_visibility_visible\"  data-js-reload=\"field_10_8\" ><legend class='gfield_label gform-field-label gfield_label_before_complex' >Consentement<\/legend><div class='ginput_container ginput_container_consent'><input name='input_8.1' id='input_10_8_1' type='checkbox' value='1'    aria-invalid=\"false\"   \/> <label class=\"gform-field-label gform-field-label--type-inline gfield_consent_label\" for='input_10_8_1' ><p style=\"color:white;\">J'accepte que toutes les donn\u00e9es personnelles que je soumets soient trait\u00e9es de la mani\u00e8re et aux fins d\u00e9crites dans nos <a style=\"color:#f1cb07;\" href=\"https:\/\/volane.com\/terms-and-conditions\/\" target=\"\u201c_blank\u201d\">conditions d'utilisation.<\/a><\/p><\/label><input type='hidden' name='input_8.2' value='&lt;p style=&quot;color:white;&quot;&gt;J&#039;accepte que toutes les donn\u00e9es personnelles que je soumets soient trait\u00e9es de la mani\u00e8re et aux fins d\u00e9crites dans nos &lt;a style=&quot;color:#f1cb07;&quot; href=&quot;https:\/\/volane.com\/terms-and-conditions\/&quot; target=&quot;\u201c_blank\u201d&quot;&gt;conditions d&#039;utilisation.&lt;\/a&gt;&lt;\/p&gt;' class='gform_hidden' \/><input type='hidden' name='input_8.3' value='6' class='gform_hidden' \/><\/div><\/fieldset><div id=\"field_10_9\" class=\"gfield gfield--type-captcha gfield--input-type-captcha gfield--width-full field_sublabel_below gfield--no-description field_description_below hidden_label field_validation_below gfield_visibility_visible\"  data-js-reload=\"field_10_9\" ><label class='gfield_label gform-field-label' for='input_10_9'>CAPTCHA<\/label><div id='input_10_9' class='ginput_container ginput_recaptcha' data-sitekey='6LeP4IQpAAAAAB4IuzsOR3F1nxIFrLcOt_bdEzgJ'  data-theme='light' data-tabindex='0'  data-badge=''><\/div><\/div><div id=\"field_10_10\" class=\"gfield gfield--type-honeypot gform_validation_container field_sublabel_below gfield--has-description field_description_below field_validation_below gfield_visibility_visible\"  data-js-reload=\"field_10_10\" ><label class='gfield_label gform-field-label' for='input_10_10'>Comments<\/label><div class='ginput_container'><input name='input_10' id='input_10_10' type='text' value='' autocomplete='new-password'\/><\/div><div class='gfield_description' id='gfield_description_10_10'>This field is for validation purposes and should be left unchanged.<\/div><\/div><\/div><\/div>\n        <div class='gform_footer top_label'> <input type='submit' id='gform_submit_button_10' class='gform_button button' value='Envoyer un message'  onclick='if(window[\"gf_submitting_10\"]){return false;}  if( !jQuery(\"#gform_10\")[0].checkValidity || jQuery(\"#gform_10\")[0].checkValidity()){window[\"gf_submitting_10\"]=true;}  ' onkeypress='if( event.keyCode == 13 ){ if(window[\"gf_submitting_10\"]){return false;} if( !jQuery(\"#gform_10\")[0].checkValidity || jQuery(\"#gform_10\")[0].checkValidity()){window[\"gf_submitting_10\"]=true;}  jQuery(\"#gform_10\").trigger(\"submit\",[true]); }' \/> \n            <input type='hidden' class='gform_hidden' name='is_submit_10' value='1' \/>\n            <input type='hidden' class='gform_hidden' name='gform_submit' value='10' \/>\n            \n            <input type='hidden' class='gform_hidden' name='gform_unique_id' value='' \/>\n            <input type='hidden' class='gform_hidden' name='state_10' value='WyJ7XCI3XCI6W1wiNzYxYmVhYTA4OTQ4ZTE2YTA5OGFhNWJmZWQ0NzRlODFcIixcIjcxYWI0OWFjOTQ5OWJmM2RkZmFlMjBjNGVkZTRmNWIyXCJdLFwiOC4xXCI6XCIxZTM1MmE4MmMyNGExNmMxNTNjMGQ3OWIzZTUxNmI0NVwiLFwiOC4yXCI6XCIzODRiMzU0YjEyMDE4YmYzYjBmYzM2MjljMWE4MjFjZVwiLFwiOC4zXCI6XCI5Nzg5ZDA3OTk5ZWE4NTE0YjM1ZThlM2ZmOWJjYmNlNlwifSIsImUxNmIxMzhlYmFlYjNiNDYzZjFhMTJiMzU0ZDVkNDA3Il0=' \/>\n            <input type='hidden' class='gform_hidden' name='gform_target_page_number_10' id='gform_target_page_number_10' value='0' \/>\n            <input type='hidden' class='gform_hidden' name='gform_source_page_number_10' id='gform_source_page_number_10' value='1' \/>\n            <input type='hidden' name='gform_field_values' value='' \/>\n            \n        <\/div>\n                        <\/form>\n                        <\/div><script>\ngform.initializeOnLoaded( function() {gformInitSpinner( 10, 'https:\/\/volane.com\/wp-content\/plugins\/gravityforms\/images\/spinner.svg', true );jQuery('#gform_ajax_frame_10').on('load',function(){var contents = jQuery(this).contents().find('*').html();var is_postback = contents.indexOf('GF_AJAX_POSTBACK') >= 0;if(!is_postback){return;}var form_content = jQuery(this).contents().find('#gform_wrapper_10');var is_confirmation = jQuery(this).contents().find('#gform_confirmation_wrapper_10').length > 0;var is_redirect = contents.indexOf('gformRedirect(){') >= 0;var is_form = form_content.length > 0 && ! is_redirect && ! is_confirmation;var mt = parseInt(jQuery('html').css('margin-top'), 10) + parseInt(jQuery('body').css('margin-top'), 10) + 100;if(is_form){jQuery('#gform_wrapper_10').html(form_content.html());if(form_content.hasClass('gform_validation_error')){jQuery('#gform_wrapper_10').addClass('gform_validation_error');} else {jQuery('#gform_wrapper_10').removeClass('gform_validation_error');}setTimeout( function() { \/* delay the scroll by 50 milliseconds to fix a bug in chrome *\/  }, 50 );if(window['gformInitDatepicker']) {gformInitDatepicker();}if(window['gformInitPriceFields']) {gformInitPriceFields();}var current_page = jQuery('#gform_source_page_number_10').val();gformInitSpinner( 10, 'https:\/\/volane.com\/wp-content\/plugins\/gravityforms\/images\/spinner.svg', true );jQuery(document).trigger('gform_page_loaded', [10, current_page]);window['gf_submitting_10'] = false;}else if(!is_redirect){var confirmation_content = jQuery(this).contents().find('.GF_AJAX_POSTBACK').html();if(!confirmation_content){confirmation_content = contents;}jQuery('#gform_wrapper_10').replaceWith(confirmation_content);jQuery(document).trigger('gform_confirmation_loaded', [10]);window['gf_submitting_10'] = false;wp.a11y.speak(jQuery('#gform_confirmation_message_10').text());}else{jQuery('#gform_10').append(contents);if(window['gformRedirect']) {gformRedirect();}}jQuery(document).trigger(\"gform_pre_post_render\", [{ formId: \"10\", currentPage: \"current_page\", abort: function() { this.preventDefault(); } }]);                if (event && event.defaultPrevented) {                return;         }        const gformWrapperDiv = document.getElementById( \"gform_wrapper_10\" );        if ( gformWrapperDiv ) {            const visibilitySpan = document.createElement( \"span\" );            visibilitySpan.id = \"gform_visibility_test_10\";            gformWrapperDiv.insertAdjacentElement( \"afterend\", visibilitySpan );        }        const visibilityTestDiv = document.getElementById( \"gform_visibility_test_10\" );        let postRenderFired = false;                function triggerPostRender() {            if ( postRenderFired ) {                return;            }            postRenderFired = true;            jQuery( document ).trigger( 'gform_post_render', [10, current_page] );            gform.utils.trigger( { event: 'gform\/postRender', native: false, data: { formId: 10, currentPage: current_page } } );            if ( visibilityTestDiv ) {                visibilityTestDiv.parentNode.removeChild( visibilityTestDiv );            }        }        function debounce( func, wait, immediate ) {            var timeout;            return function() {                var context = this, args = arguments;                var later = function() {                    timeout = null;                    if ( !immediate ) func.apply( context, args );                };                var callNow = immediate && !timeout;                clearTimeout( timeout );                timeout = setTimeout( later, wait );                if ( callNow ) func.apply( context, args );            };        }        const debouncedTriggerPostRender = debounce( function() {            triggerPostRender();        }, 200 );        if ( visibilityTestDiv && visibilityTestDiv.offsetParent === null ) {            const observer = new MutationObserver( ( mutations ) => {                mutations.forEach( ( mutation ) => {                    if ( mutation.type === 'attributes' && visibilityTestDiv.offsetParent !== null ) {                        debouncedTriggerPostRender();                        observer.disconnect();                    }                });            });            observer.observe( document.body, {                attributes: true,                childList: false,                subtree: true,                attributeFilter: [ 'style', 'class' ],            });        } else {            triggerPostRender();        }    } );} );\n<\/script>\n<\/div>\n\t\t\t\t<\/div>\n\t\t\t\t<\/div>\n\t\t\t\t\t<\/div>\n\t\t\t\t<\/div>\n\t\t\t\t<\/div>\n\t\t","protected":false},"excerpt":{"rendered":"<p>Plateforme d&rsquo;exp\u00e9rience marchande<\/p>\n","protected":false},"author":4,"featured_media":0,"parent":0,"menu_order":0,"comment_status":"closed","ping_status":"closed","template":"","meta":{"footnotes":"","mapsvg_location":""},"yoast_head":"<!-- This site is optimized with the Yoast SEO plugin v22.1 - https:\/\/yoast.com\/wordpress\/plugins\/seo\/ -->\n<title>Plateforme d&#039;exp\u00e9rience marchande &#8226; Volane International<\/title>\n<meta name=\"robots\" content=\"index, follow, max-snippet:-1, max-image-preview:large, max-video-preview:-1\" \/>\n<link rel=\"canonical\" href=\"https:\/\/volane.com\/fr\/plateforme-dexperience-marchande\/\" \/>\n<meta property=\"og:locale\" content=\"fr_FR\" \/>\n<meta property=\"og:type\" content=\"article\" \/>\n<meta property=\"og:title\" content=\"Plateforme d&#039;exp\u00e9rience marchande &#8226; Volane International\" \/>\n<meta property=\"og:description\" content=\"Plateforme d&rsquo;exp\u00e9rience marchande\" \/>\n<meta property=\"og:url\" content=\"https:\/\/volane.com\/fr\/plateforme-dexperience-marchande\/\" \/>\n<meta property=\"og:site_name\" content=\"Volane International\" \/>\n<meta property=\"article:publisher\" content=\"https:\/\/www.facebook.com\/VolaneInternational\" \/>\n<meta property=\"article:modified_time\" content=\"2025-02-27T09:21:24+00:00\" \/>\n<meta property=\"og:image\" content=\"https:\/\/volane.com\/wp-content\/uploads\/2023\/10\/volane-international-site-sharing-image-01.png\" \/>\n\t<meta property=\"og:image:width\" content=\"1200\" \/>\n\t<meta property=\"og:image:height\" content=\"675\" \/>\n\t<meta property=\"og:image:type\" content=\"image\/png\" \/>\n<meta name=\"twitter:card\" content=\"summary_large_image\" \/>\n<script type=\"application\/ld+json\" class=\"yoast-schema-graph\">{\"@context\":\"https:\/\/schema.org\",\"@graph\":[{\"@type\":\"WebPage\",\"@id\":\"https:\/\/volane.com\/fr\/plateforme-dexperience-marchande\/\",\"url\":\"https:\/\/volane.com\/fr\/plateforme-dexperience-marchande\/\",\"name\":\"Plateforme d'exp\u00e9rience marchande &#8226; Volane International\",\"isPartOf\":{\"@id\":\"https:\/\/volane.com\/fr\/#website\"},\"datePublished\":\"2024-01-19T08:00:22+00:00\",\"dateModified\":\"2025-02-27T09:21:24+00:00\",\"breadcrumb\":{\"@id\":\"https:\/\/volane.com\/fr\/plateforme-dexperience-marchande\/#breadcrumb\"},\"inLanguage\":\"fr-FR\",\"potentialAction\":[{\"@type\":\"ReadAction\",\"target\":[\"https:\/\/volane.com\/fr\/plateforme-dexperience-marchande\/\"]}]},{\"@type\":\"BreadcrumbList\",\"@id\":\"https:\/\/volane.com\/fr\/plateforme-dexperience-marchande\/#breadcrumb\",\"itemListElement\":[{\"@type\":\"ListItem\",\"position\":1,\"name\":\"Home\",\"item\":\"https:\/\/volane.com\/fr\/\"},{\"@type\":\"ListItem\",\"position\":2,\"name\":\"Plateforme d&#8217;exp\u00e9rience marchande\"}]},{\"@type\":\"WebSite\",\"@id\":\"https:\/\/volane.com\/fr\/#website\",\"url\":\"https:\/\/volane.com\/fr\/\",\"name\":\"Volane International\",\"description\":\"Pioneers in FinTech and Energy Downstream Excellence\",\"publisher\":{\"@id\":\"https:\/\/volane.com\/fr\/#organization\"},\"alternateName\":\"Volane International\",\"potentialAction\":[{\"@type\":\"SearchAction\",\"target\":{\"@type\":\"EntryPoint\",\"urlTemplate\":\"https:\/\/volane.com\/fr\/?s={search_term_string}\"},\"query-input\":\"required name=search_term_string\"}],\"inLanguage\":\"fr-FR\"},{\"@type\":\"Organization\",\"@id\":\"https:\/\/volane.com\/fr\/#organization\",\"name\":\"Volane International\",\"url\":\"https:\/\/volane.com\/fr\/\",\"logo\":{\"@type\":\"ImageObject\",\"inLanguage\":\"fr-FR\",\"@id\":\"https:\/\/volane.com\/fr\/#\/schema\/logo\/image\/\",\"url\":\"https:\/\/volane.com\/wp-content\/uploads\/2023\/10\/volane-international-site-sharing-image-01.png\",\"contentUrl\":\"https:\/\/volane.com\/wp-content\/uploads\/2023\/10\/volane-international-site-sharing-image-01.png\",\"width\":1200,\"height\":675,\"caption\":\"Volane International\"},\"image\":{\"@id\":\"https:\/\/volane.com\/fr\/#\/schema\/logo\/image\/\"},\"sameAs\":[\"https:\/\/www.facebook.com\/VolaneInternational\",\"https:\/\/www.linkedin.com\/company\/volane-international\",\"https:\/\/www.youtube.com\/channel\/UCseiwu4ZOyznucOyU41mATA?themeRefresh=1\"]}]}<\/script>\n<!-- \/ Yoast SEO plugin. -->","yoast_head_json":{"title":"Plateforme d'exp\u00e9rience marchande &#8226; Volane International","robots":{"index":"index","follow":"follow","max-snippet":"max-snippet:-1","max-image-preview":"max-image-preview:large","max-video-preview":"max-video-preview:-1"},"canonical":"https:\/\/volane.com\/fr\/plateforme-dexperience-marchande\/","og_locale":"fr_FR","og_type":"article","og_title":"Plateforme d'exp\u00e9rience marchande &#8226; Volane International","og_description":"Plateforme d&rsquo;exp\u00e9rience marchande","og_url":"https:\/\/volane.com\/fr\/plateforme-dexperience-marchande\/","og_site_name":"Volane International","article_publisher":"https:\/\/www.facebook.com\/VolaneInternational","article_modified_time":"2025-02-27T09:21:24+00:00","og_image":[{"width":1200,"height":675,"url":"https:\/\/volane.com\/wp-content\/uploads\/2023\/10\/volane-international-site-sharing-image-01.png","type":"image\/png"}],"twitter_card":"summary_large_image","schema":{"@context":"https:\/\/schema.org","@graph":[{"@type":"WebPage","@id":"https:\/\/volane.com\/fr\/plateforme-dexperience-marchande\/","url":"https:\/\/volane.com\/fr\/plateforme-dexperience-marchande\/","name":"Plateforme d'exp\u00e9rience marchande &#8226; Volane International","isPartOf":{"@id":"https:\/\/volane.com\/fr\/#website"},"datePublished":"2024-01-19T08:00:22+00:00","dateModified":"2025-02-27T09:21:24+00:00","breadcrumb":{"@id":"https:\/\/volane.com\/fr\/plateforme-dexperience-marchande\/#breadcrumb"},"inLanguage":"fr-FR","potentialAction":[{"@type":"ReadAction","target":["https:\/\/volane.com\/fr\/plateforme-dexperience-marchande\/"]}]},{"@type":"BreadcrumbList","@id":"https:\/\/volane.com\/fr\/plateforme-dexperience-marchande\/#breadcrumb","itemListElement":[{"@type":"ListItem","position":1,"name":"Home","item":"https:\/\/volane.com\/fr\/"},{"@type":"ListItem","position":2,"name":"Plateforme d&#8217;exp\u00e9rience marchande"}]},{"@type":"WebSite","@id":"https:\/\/volane.com\/fr\/#website","url":"https:\/\/volane.com\/fr\/","name":"Volane International","description":"Pioneers in FinTech and Energy Downstream Excellence","publisher":{"@id":"https:\/\/volane.com\/fr\/#organization"},"alternateName":"Volane International","potentialAction":[{"@type":"SearchAction","target":{"@type":"EntryPoint","urlTemplate":"https:\/\/volane.com\/fr\/?s={search_term_string}"},"query-input":"required name=search_term_string"}],"inLanguage":"fr-FR"},{"@type":"Organization","@id":"https:\/\/volane.com\/fr\/#organization","name":"Volane International","url":"https:\/\/volane.com\/fr\/","logo":{"@type":"ImageObject","inLanguage":"fr-FR","@id":"https:\/\/volane.com\/fr\/#\/schema\/logo\/image\/","url":"https:\/\/volane.com\/wp-content\/uploads\/2023\/10\/volane-international-site-sharing-image-01.png","contentUrl":"https:\/\/volane.com\/wp-content\/uploads\/2023\/10\/volane-international-site-sharing-image-01.png","width":1200,"height":675,"caption":"Volane International"},"image":{"@id":"https:\/\/volane.com\/fr\/#\/schema\/logo\/image\/"},"sameAs":["https:\/\/www.facebook.com\/VolaneInternational","https:\/\/www.linkedin.com\/company\/volane-international","https:\/\/www.youtube.com\/channel\/UCseiwu4ZOyznucOyU41mATA?themeRefresh=1"]}]}},"_links":{"self":[{"href":"https:\/\/volane.com\/fr\/wp-json\/wp\/v2\/pages\/11530"}],"collection":[{"href":"https:\/\/volane.com\/fr\/wp-json\/wp\/v2\/pages"}],"about":[{"href":"https:\/\/volane.com\/fr\/wp-json\/wp\/v2\/types\/page"}],"author":[{"embeddable":true,"href":"https:\/\/volane.com\/fr\/wp-json\/wp\/v2\/users\/4"}],"replies":[{"embeddable":true,"href":"https:\/\/volane.com\/fr\/wp-json\/wp\/v2\/comments?post=11530"}],"version-history":[{"count":2,"href":"https:\/\/volane.com\/fr\/wp-json\/wp\/v2\/pages\/11530\/revisions"}],"predecessor-version":[{"id":11533,"href":"https:\/\/volane.com\/fr\/wp-json\/wp\/v2\/pages\/11530\/revisions\/11533"}],"wp:attachment":[{"href":"https:\/\/volane.com\/fr\/wp-json\/wp\/v2\/media?parent=11530"}],"curies":[{"name":"wp","href":"https:\/\/api.w.org\/{rel}","templated":true}]}}